{"id":1276,"date":"2022-08-15T08:48:17","date_gmt":"2022-08-15T06:48:17","guid":{"rendered":"https:\/\/pqct.stratec-medizintechnik.de\/?page_id=1276"},"modified":"2024-01-30T16:45:53","modified_gmt":"2024-01-30T15:45:53","slug":"forschungsprojektecurrent-research-focus","status":"publish","type":"page","link":"https:\/\/stratec-pqct.com\/en\/forschungsprojektecurrent-research-focus\/","title":{"rendered":"Current Research Focus"},"content":{"rendered":"\t\t<div data-elementor-type=\"wp-page\" data-elementor-id=\"1276\" class=\"elementor elementor-1276 elementor-1208\" data-elementor-post-type=\"page\">\n\t\t\t\t\t\t<section class=\"wd-negative-gap elementor-section elementor-top-section elementor-element elementor-element-1d7aac3 wd-section-stretch-content elementor-section-full_width elementor-section-height-default elementor-section-height-default\" data-id=\"1d7aac3\" data-element_type=\"section\">\n\t\t\t\t\t\t<div class=\"elementor-container elementor-column-gap-no\">\n\t\t\t\t\t<div class=\"elementor-column elementor-col-100 elementor-top-column elementor-element elementor-element-213f742\" data-id=\"213f742\" data-element_type=\"column\">\n\t\t\t<div class=\"elementor-widget-wrap elementor-element-populated\">\n\t\t\t\t\t\t<div class=\"elementor-element elementor-element-a73be53 elementor--h-position-left elementor--v-position-middle elementor-pagination-position-inside elementor-widget elementor-widget-slides\" data-id=\"a73be53\" data-element_type=\"widget\" data-settings=\"{&quot;navigation&quot;:&quot;dots&quot;,&quot;autoplay&quot;:&quot;yes&quot;,&quot;autoplay_speed&quot;:5000,&quot;infinite&quot;:&quot;yes&quot;,&quot;transition&quot;:&quot;slide&quot;,&quot;transition_speed&quot;:500}\" data-widget_type=\"slides.default\">\n\t\t\t\t<div class=\"elementor-widget-container\">\n\t\t\t\t\t\t\t\t\t<div class=\"elementor-swiper\">\n\t\t\t\t\t<div class=\"elementor-slides-wrapper elementor-main-swiper swiper\" role=\"region\" aria-roledescription=\"carousel\" aria-label=\"Slides\" dir=\"ltr\" data-animation=\"fadeInLeft\">\n\t\t\t\t<div class=\"swiper-wrapper elementor-slides\">\n\t\t\t\t\t\t\t\t\t\t<div class=\"elementor-repeater-item-ef446f4 swiper-slide\" role=\"group\" aria-roledescription=\"slide\"><div class=\"swiper-slide-bg\" role=\"img\" aria-label=\"header-pqct1\"><\/div><a class=\"swiper-slide-inner\" href=\"https:\/\/stratec-med.com\/en\/contact-us\/\" target=\"_blank\" rel=\"noopener\"><div class=\"swiper-slide-contents\"><div class=\"elementor-slide-heading\"> Stratec PQCT: Aktuelle Forschungsschwerpunkte<\/div><div class=\"elementor-slide-description\"><p>MUSKEL- &amp;<br \/>\nKNOCHENDICHTE &amp; -GEOMETRIE<\/p>\n<\/div><div  class=\"elementor-button elementor-slide-button elementor-size-sm\">Jetzt anfragen<\/div><\/div><\/a><\/div>\t\t\t\t<\/div>\n\t\t\t\t\t\t\t<\/div>\n\t\t\t\t<\/div>\n\t\t\t\t\t\t\t\t<\/div>\n\t\t\t\t<\/div>\n\t\t\t\t<div class=\"elementor-element elementor-element-6a3a6bd elementor-skin-carousel elementor-widget elementor-widget-media-carousel\" data-id=\"6a3a6bd\" data-element_type=\"widget\" data-settings=\"{&quot;slides_per_view&quot;:&quot;2&quot;,&quot;slides_per_view_mobile&quot;:&quot;2&quot;,&quot;skin&quot;:&quot;carousel&quot;,&quot;effect&quot;:&quot;slide&quot;,&quot;speed&quot;:500,&quot;space_between&quot;:{&quot;unit&quot;:&quot;px&quot;,&quot;size&quot;:10,&quot;sizes&quot;:[]},&quot;space_between_laptop&quot;:{&quot;unit&quot;:&quot;px&quot;,&quot;size&quot;:10,&quot;sizes&quot;:[]},&quot;space_between_tablet_extra&quot;:{&quot;unit&quot;:&quot;px&quot;,&quot;size&quot;:10,&quot;sizes&quot;:[]},&quot;space_between_tablet&quot;:{&quot;unit&quot;:&quot;px&quot;,&quot;size&quot;:10,&quot;sizes&quot;:[]},&quot;space_between_mobile_extra&quot;:{&quot;unit&quot;:&quot;px&quot;,&quot;size&quot;:10,&quot;sizes&quot;:[]},&quot;space_between_mobile&quot;:{&quot;unit&quot;:&quot;px&quot;,&quot;size&quot;:10,&quot;sizes&quot;:[]}}\" data-widget_type=\"media-carousel.default\">\n\t\t\t\t<div class=\"elementor-widget-container\">\n\t\t\t\t\t\t\t\t\t<div class=\"elementor-swiper\">\n\t\t\t\t\t<div class=\"elementor-main-swiper swiper\" role=\"region\" aria-roledescription=\"carousel\" aria-label=\"Slides\">\n\t\t\t\t<div class=\"swiper-wrapper\">\n\t\t\t\t\t\t\t\t\t\t\t<div class=\"swiper-slide\" role=\"group\" aria-roledescription=\"slide\">\n\t\t\t\t\t\t\t\t\t<div class=\"elementor-carousel-image\" role=\"img\" aria-label=\"novotec-medical-stratec-medizintechnik-tuev-siegel\" style=\"background-image: url(&#039;https:\/\/stratec-pqct.com\/wp-content\/uploads\/sites\/12\/2023\/03\/TUEV_SUED_MED.png&#039;)\">\n\n\t\t\t\n\t\t\t\t\t<\/div>\n\t\t\t\t\t\t\t\t<\/div>\n\t\t\t\t\t\t\t\t\t\t\t<div class=\"swiper-slide\" role=\"group\" aria-roledescription=\"slide\">\n\t\t\t\t\t\t\t\t\t<div class=\"elementor-carousel-image\" role=\"img\" aria-label=\"made-in-germany-siegel.jpg\" style=\"background-image: url(&#039;https:\/\/stratec-pqct.com\/wp-content\/uploads\/sites\/12\/2023\/03\/made-in-germany-siegel-1.jpg&#039;)\">\n\n\t\t\t\n\t\t\t\t\t<\/div>\n\t\t\t\t\t\t\t\t<\/div>\n\t\t\t\t\t\t\t\t\t<\/div>\n\t\t\t\t\t\t\t\t\t\t\t\t\t\t\t\t\t\t\t\t\t<\/div>\n\t\t\t\t<\/div>\n\t\t\t\t\t\t\t\t<\/div>\n\t\t\t\t<\/div>\n\t\t\t\t\t<\/div>\n\t\t<\/div>\n\t\t\t\t\t<\/div>\n\t\t<\/section>\n\t\t\t\t<section class=\"elementor-section elementor-top-section elementor-element elementor-element-5dde951 wd-section-stretch elementor-section-boxed elementor-section-height-default elementor-section-height-default\" data-id=\"5dde951\" data-element_type=\"section\" data-settings=\"{&quot;background_background&quot;:&quot;classic&quot;}\">\n\t\t\t\t\t\t\t<div class=\"elementor-background-overlay\"><\/div>\n\t\t\t\t\t\t\t<div class=\"elementor-container elementor-column-gap-no\">\n\t\t\t\t\t<div class=\"elementor-column elementor-col-100 elementor-top-column elementor-element elementor-element-6db5488\" data-id=\"6db5488\" data-element_type=\"column\">\n\t\t\t<div class=\"elementor-widget-wrap elementor-element-populated\">\n\t\t\t\t\t\t<div class=\"elementor-element elementor-element-8206956 elementor-vertical-align-top elementor-widget elementor-widget-image-box\" data-id=\"8206956\" data-element_type=\"widget\" data-widget_type=\"image-box.default\">\n\t\t\t\t<div class=\"elementor-widget-container\">\n\t\t\t\t\t<div class=\"elementor-image-box-wrapper\"><div class=\"elementor-image-box-content\"><h3 class=\"elementor-image-box-title\">pQCT - Aktuelle Forschungsschwerpunkte<\/h3><\/div><\/div>\t\t\t\t<\/div>\n\t\t\t\t<\/div>\n\t\t\t\t\t<\/div>\n\t\t<\/div>\n\t\t\t\t\t<\/div>\n\t\t<\/section>\n\t\t\t\t<section class=\"elementor-section elementor-top-section elementor-element elementor-element-1e23cbc wd-section-stretch shapegradient-left-dark elementor-section-boxed elementor-section-height-default elementor-section-height-default\" data-id=\"1e23cbc\" data-element_type=\"section\">\n\t\t\t\t\t\t<div class=\"elementor-container elementor-column-gap-no\">\n\t\t\t\t\t<div class=\"elementor-column elementor-col-50 elementor-top-column elementor-element elementor-element-a03e838\" data-id=\"a03e838\" data-element_type=\"column\">\n\t\t\t<div class=\"elementor-widget-wrap elementor-element-populated\">\n\t\t\t\t\t\t<div class=\"elementor-element elementor-element-1d67474 elementor-widget elementor-widget-image-box\" data-id=\"1d67474\" data-element_type=\"widget\" data-widget_type=\"image-box.default\">\n\t\t\t\t<div class=\"elementor-widget-container\">\n\t\t\t\t\t<div class=\"elementor-image-box-wrapper\"><div class=\"elementor-image-box-content\"><h3 class=\"elementor-image-box-title\">Etabliert in Forschung und Klinik<\/h3><p class=\"elementor-image-box-description\">Mit \u00fcber 1000 Publikationen alleine auf PubMed ist das Stratec pQCT System eines der weltweit etablierten Standardmessverfahren f\u00fcr die Forschung an Knochen und Muskel und deren Zusammenh\u00e4nge.<\/p><\/div><\/div>\t\t\t\t<\/div>\n\t\t\t\t<\/div>\n\t\t\t\t\t<\/div>\n\t\t<\/div>\n\t\t\t\t<div class=\"elementor-column elementor-col-50 elementor-top-column elementor-element elementor-element-fe7c428\" data-id=\"fe7c428\" data-element_type=\"column\">\n\t\t\t<div class=\"elementor-widget-wrap elementor-element-populated\">\n\t\t\t\t\t\t<div class=\"elementor-element elementor-element-7f6cd4e elementor-position-left elementor-vertical-align-top elementor-widget elementor-widget-image-box\" data-id=\"7f6cd4e\" data-element_type=\"widget\" data-widget_type=\"image-box.default\">\n\t\t\t\t<div class=\"elementor-widget-container\">\n\t\t\t\t\t<div class=\"elementor-image-box-wrapper\"><figure class=\"elementor-image-box-img\"><img decoding=\"async\" width=\"321\" height=\"313\" src=\"https:\/\/stratec-pqct.com\/wp-content\/uploads\/sites\/12\/2023\/01\/Bild41.png\" class=\"attachment-full size-full wp-image-1430\" alt=\"\" title=\"\" srcset=\"https:\/\/stratec-pqct.com\/wp-content\/uploads\/sites\/12\/2023\/01\/Bild41.png 321w, https:\/\/stratec-pqct.com\/wp-content\/uploads\/sites\/12\/2023\/01\/Bild41-150x146.png 150w\" sizes=\"(max-width: 321px) 100vw, 321px\" \/><\/figure><div class=\"elementor-image-box-content\"><h3 class=\"elementor-image-box-title\">Einfluss der Immobilisation auf den Knochen<\/h3><p class=\"elementor-image-box-description\">Einfluss der Immobilisation infolge Querschnittl\u00e4hmung, Schlaganfall oder simulierter Schwerelosigkeit auf den Knochen.\n\nImmobilisation ist der Zustand, der am schnellsten zu einem Knochenabbau f\u00fchrt. Daher ist es das Ziel verschiedener Studien, die Mechanismen dieses Verlustes zu erkennen und Methoden zu entwickeln, diesen Abbau zu verhindern.<\/p><\/div><\/div>\t\t\t\t<\/div>\n\t\t\t\t<\/div>\n\t\t\t\t<div class=\"elementor-element elementor-element-9a8c544 elementor-position-left elementor-vertical-align-top elementor-widget elementor-widget-image-box\" data-id=\"9a8c544\" data-element_type=\"widget\" data-widget_type=\"image-box.default\">\n\t\t\t\t<div class=\"elementor-widget-container\">\n\t\t\t\t\t<div class=\"elementor-image-box-wrapper\"><figure class=\"elementor-image-box-img\"><img decoding=\"async\" width=\"328\" height=\"345\" src=\"https:\/\/stratec-pqct.com\/wp-content\/uploads\/sites\/12\/2023\/01\/Bild44.png\" class=\"attachment-full size-full wp-image-1432\" alt=\"\" title=\"\" srcset=\"https:\/\/stratec-pqct.com\/wp-content\/uploads\/sites\/12\/2023\/01\/Bild44.png 328w, https:\/\/stratec-pqct.com\/wp-content\/uploads\/sites\/12\/2023\/01\/Bild44-150x158.png 150w\" sizes=\"(max-width: 328px) 100vw, 328px\" \/><\/figure><div class=\"elementor-image-box-content\"><h3 class=\"elementor-image-box-title\">Sarkopenie, Dynapenie, Frailty und Sturzrisiko<\/h3><p class=\"elementor-image-box-description\">Charakterisierung und Dokumentation der Ver\u00e4nderung von muskul\u00e4ren Eigenschaften und des Einflusses der mangelnden Muskelfunktion auf Knochenparameter. Ideal auch in Erg\u00e4nzung mit Leonardo Mechanography Muskelfunktions- und Muskelleistungsdiagnostik.<\/p><\/div><\/div>\t\t\t\t<\/div>\n\t\t\t\t<\/div>\n\t\t\t\t<div class=\"elementor-element elementor-element-69e9ebe elementor-position-left elementor-vertical-align-top elementor-widget elementor-widget-image-box\" data-id=\"69e9ebe\" data-element_type=\"widget\" data-widget_type=\"image-box.default\">\n\t\t\t\t<div class=\"elementor-widget-container\">\n\t\t\t\t\t<div class=\"elementor-image-box-wrapper\"><figure class=\"elementor-image-box-img\"><img decoding=\"async\" width=\"320\" height=\"275\" src=\"https:\/\/stratec-pqct.com\/wp-content\/uploads\/sites\/12\/2023\/01\/Bild54.png\" class=\"attachment-full size-full wp-image-1437\" alt=\"\" title=\"\" srcset=\"https:\/\/stratec-pqct.com\/wp-content\/uploads\/sites\/12\/2023\/01\/Bild54.png 320w, https:\/\/stratec-pqct.com\/wp-content\/uploads\/sites\/12\/2023\/01\/Bild54-150x129.png 150w\" sizes=\"(max-width: 320px) 100vw, 320px\" \/><\/figure><div class=\"elementor-image-box-content\"><h3 class=\"elementor-image-box-title\">Einfluss von chronischen Erkrankungen bei Kindern auf den Knochen<\/h3><p class=\"elementor-image-box-description\">Chronische Erkrankungen k\u00f6nnen sich direkt oder indirekt \u00fcber eine verringerte Mobilit\u00e4t negativ auf den Knochen auswirken. Da bei chronisch kranken Kindern h\u00e4ufig auch das Wachstum verringert ist, werden bei herk\u00f6mmlichen DXA-Messungen oft falsch niedrige Werte gemessen. Mittels pQCT k\u00f6nnen die Einfl\u00fcsse des verringerten Wachstums und Einfl\u00fcsse des Muskels von prim\u00e4ren Knochenver\u00e4nderungen unterschieden werden.<\/p><\/div><\/div>\t\t\t\t<\/div>\n\t\t\t\t<\/div>\n\t\t\t\t<div class=\"elementor-element elementor-element-a600ee6 elementor-position-left elementor-vertical-align-top elementor-widget elementor-widget-image-box\" data-id=\"a600ee6\" data-element_type=\"widget\" data-widget_type=\"image-box.default\">\n\t\t\t\t<div class=\"elementor-widget-container\">\n\t\t\t\t\t<div class=\"elementor-image-box-wrapper\"><figure class=\"elementor-image-box-img\"><img decoding=\"async\" width=\"320\" height=\"275\" src=\"https:\/\/stratec-pqct.com\/wp-content\/uploads\/sites\/12\/2023\/01\/Bild54.png\" class=\"attachment-full size-full wp-image-1437\" alt=\"\" title=\"\" srcset=\"https:\/\/stratec-pqct.com\/wp-content\/uploads\/sites\/12\/2023\/01\/Bild54.png 320w, https:\/\/stratec-pqct.com\/wp-content\/uploads\/sites\/12\/2023\/01\/Bild54-150x129.png 150w\" sizes=\"(max-width: 320px) 100vw, 320px\" \/><\/figure><div class=\"elementor-image-box-content\"><h3 class=\"elementor-image-box-title\">Erprobung neuer Medikamente gegen Osteoporose im Tierversuch<\/h3><p class=\"elementor-image-box-description\">Die trabekul\u00e4re Dichte ist der Parameter mit der h\u00f6chsten Sensitivit\u00e4t. Bei Messung der trabekul\u00e4ren Dichte mittels pQCT zeigen sich Ver\u00e4nderungen schneller als bei herk\u00f6mmlichen Methoden. Durch die M\u00f6glichkeit von Verlaufskontrollen am lebenden Tier k\u00f6nnen die Ergebnisse schneller und mit einer deutlich geringeren Anzahl an Labortieren ermittelt werden.<\/p><\/div><\/div>\t\t\t\t<\/div>\n\t\t\t\t<\/div>\n\t\t\t\t<div class=\"elementor-element elementor-element-9627bec elementor-position-left elementor-vertical-align-top elementor-widget elementor-widget-image-box\" data-id=\"9627bec\" data-element_type=\"widget\" data-widget_type=\"image-box.default\">\n\t\t\t\t<div class=\"elementor-widget-container\">\n\t\t\t\t\t<div class=\"elementor-image-box-wrapper\"><figure class=\"elementor-image-box-img\"><img decoding=\"async\" width=\"320\" height=\"275\" src=\"https:\/\/stratec-pqct.com\/wp-content\/uploads\/sites\/12\/2023\/01\/Bild54.png\" class=\"attachment-full size-full wp-image-1437\" alt=\"\" title=\"\" srcset=\"https:\/\/stratec-pqct.com\/wp-content\/uploads\/sites\/12\/2023\/01\/Bild54.png 320w, https:\/\/stratec-pqct.com\/wp-content\/uploads\/sites\/12\/2023\/01\/Bild54-150x129.png 150w\" sizes=\"(max-width: 320px) 100vw, 320px\" \/><\/figure><div class=\"elementor-image-box-content\"><h3 class=\"elementor-image-box-title\">Einfluss von Training auf den Knochen<\/h3><p class=\"elementor-image-box-description\">Durch verschiedene Studien wird der Effekt von Immobilisation auf den Knochen untersucht. Inwieweit Knochen durch Training aufgebaut oder der Knochenabbau verhindert werden kann, ist Gegenstand mehrerer Untersuchungen im Kinder- und Jugendalter, aber auch bei Master-Athleten, die bis ins hohe Alter intensiv trainieren. Ideal auch in Erg\u00e4nzung mit Leonardo Mechanography Muskelfunktions- und Muskelleistungsdiagnostik.<\/p><\/div><\/div>\t\t\t\t<\/div>\n\t\t\t\t<\/div>\n\t\t\t\t\t<\/div>\n\t\t<\/div>\n\t\t\t\t\t<\/div>\n\t\t<\/section>\n\t\t\t\t<section class=\"wd-negative-gap elementor-section elementor-top-section elementor-element elementor-element-89c7a59 elementor-section-full_width elementor-section-height-min-height wd-section-stretch elementor-section-height-default elementor-section-items-middle\" data-id=\"89c7a59\" data-element_type=\"section\" data-settings=\"{&quot;background_background&quot;:&quot;classic&quot;}\">\n\t\t\t\t\t\t<div class=\"elementor-container elementor-column-gap-default\">\n\t\t\t\t\t<div class=\"elementor-column elementor-col-100 elementor-top-column elementor-element elementor-element-db79c30\" data-id=\"db79c30\" data-element_type=\"column\">\n\t\t\t<div class=\"elementor-widget-wrap\">\n\t\t\t\t\t\t\t<\/div>\n\t\t<\/div>\n\t\t\t\t\t<\/div>\n\t\t<\/section>\n\t\t\t\t<section class=\"elementor-section elementor-top-section elementor-element elementor-element-e97761a wd-section-stretch elementor-section-height-min-height elementor-section-boxed elementor-section-height-default elementor-section-items-middle\" data-id=\"e97761a\" data-element_type=\"section\" data-settings=\"{&quot;background_background&quot;:&quot;classic&quot;}\">\n\t\t\t\t\t\t\t<div class=\"elementor-background-overlay\"><\/div>\n\t\t\t\t\t\t\t<div class=\"elementor-container elementor-column-gap-no\">\n\t\t\t\t\t<div class=\"elementor-column elementor-col-100 elementor-top-column elementor-element elementor-element-274e8e5\" data-id=\"274e8e5\" data-element_type=\"column\">\n\t\t\t<div class=\"elementor-widget-wrap elementor-element-populated\">\n\t\t\t\t\t\t<div class=\"elementor-element elementor-element-dfb2762 elementor-widget elementor-widget-template\" data-id=\"dfb2762\" data-element_type=\"widget\" data-widget_type=\"template.default\">\n\t\t\t\t<div class=\"elementor-widget-container\">\n\t\t\t\t\t\t\t<div class=\"elementor-template\">\n\t\t\t\t\t<div data-elementor-type=\"page\" data-elementor-id=\"2475\" class=\"elementor elementor-2475 elementor-1924\" data-elementor-post-type=\"elementor_library\">\n\t\t\t\t\t\t<section class=\"elementor-section elementor-top-section elementor-element elementor-element-4fb13f47 wd-section-stretch elementor-section-height-min-height elementor-section-boxed elementor-section-height-default elementor-section-items-middle\" data-id=\"4fb13f47\" data-element_type=\"section\" data-settings=\"{&quot;background_background&quot;:&quot;classic&quot;}\">\n\t\t\t\t\t\t\t<div class=\"elementor-background-overlay\"><\/div>\n\t\t\t\t\t\t\t<div class=\"elementor-container elementor-column-gap-no\">\n\t\t\t\t\t<div class=\"elementor-column elementor-col-100 elementor-top-column elementor-element elementor-element-771a0c34\" data-id=\"771a0c34\" data-element_type=\"column\" data-settings=\"{&quot;background_background&quot;:&quot;classic&quot;}\">\n\t\t\t<div class=\"elementor-widget-wrap elementor-element-populated\">\n\t\t\t\t\t<div class=\"elementor-background-overlay\"><\/div>\n\t\t\t\t\t\t<section class=\"wd-negative-gap elementor-section elementor-inner-section elementor-element elementor-element-1cad006f elementor-section-height-min-height elementor-section-boxed elementor-section-height-default\" data-id=\"1cad006f\" data-element_type=\"section\" data-settings=\"{&quot;background_background&quot;:&quot;classic&quot;}\">\n\t\t\t\t\t\t<div class=\"elementor-container elementor-column-gap-no\">\n\t\t\t\t\t<div class=\"elementor-column elementor-col-100 elementor-inner-column elementor-element elementor-element-4df63415\" data-id=\"4df63415\" data-element_type=\"column\">\n\t\t\t<div class=\"elementor-widget-wrap elementor-element-populated\">\n\t\t\t\t\t\t<div class=\"elementor-element elementor-element-3e09b4ca elementor-widget__width-auto elementor-absolute elementor-widget elementor-widget-image\" data-id=\"3e09b4ca\" data-element_type=\"widget\" data-settings=\"{&quot;_position&quot;:&quot;absolute&quot;}\" data-widget_type=\"image.default\">\n\t\t\t\t<div class=\"elementor-widget-container\">\n\t\t\t\t\t\t\t\t\t\t\t\t\t\t\t<img decoding=\"async\" width=\"250\" height=\"222\" src=\"https:\/\/stratec-pqct.com\/wp-content\/uploads\/sites\/12\/2023\/03\/AdobeStock_74072470_CTA-1.png\" class=\"attachment-large size-large wp-image-1919\" alt=\"\" srcset=\"https:\/\/stratec-pqct.com\/wp-content\/uploads\/sites\/12\/2023\/03\/AdobeStock_74072470_CTA-1.png 250w, https:\/\/stratec-pqct.com\/wp-content\/uploads\/sites\/12\/2023\/03\/AdobeStock_74072470_CTA-1-150x133.png 150w\" sizes=\"(max-width: 250px) 100vw, 250px\" title=\"\">\t\t\t\t\t\t\t\t\t\t\t\t\t\t\t<\/div>\n\t\t\t\t<\/div>\n\t\t\t\t<div class=\"elementor-element elementor-element-4d11503d elementor-widget__width-initial elementor-widget-mobile__width-inherit elementor-widget elementor-widget-image-box\" data-id=\"4d11503d\" data-element_type=\"widget\" data-widget_type=\"image-box.default\">\n\t\t\t\t<div class=\"elementor-widget-container\">\n\t\t\t\t\t<div class=\"elementor-image-box-wrapper\"><div class=\"elementor-image-box-content\"><h3 class=\"elementor-image-box-title\">Do you have questions about our products or would you like to purchase a product?<\/h3><p class=\"elementor-image-box-description\">Let our experts advise you. Simply arrange a non-binding consultation.<\/p><\/div><\/div>\t\t\t\t<\/div>\n\t\t\t\t<\/div>\n\t\t\t\t<div class=\"elementor-element elementor-element-62c5931e elementor-widget__width-auto elementor-widget-tablet__width-initial elementor-mobile-align-left elementor-widget-mobile__width-inherit elementor-widget elementor-widget-button\" data-id=\"62c5931e\" data-element_type=\"widget\" data-widget_type=\"button.default\">\n\t\t\t\t<div class=\"elementor-widget-container\">\n\t\t\t\t\t\t\t\t\t<div class=\"elementor-button-wrapper\">\n\t\t\t\t\t<a class=\"elementor-button elementor-button-link elementor-size-sm\" href=\"https:\/\/stratec-med.com\/en\/contact-us\/\" rel=\"noopener\">\n\t\t\t\t\t\t<span class=\"elementor-button-content-wrapper\">\n\t\t\t\t\t\t\t\t\t<span class=\"elementor-button-text\">contact us<\/span>\n\t\t\t\t\t<\/span>\n\t\t\t\t\t<\/a>\n\t\t\t\t<\/div>\n\t\t\t\t\t\t\t\t<\/div>\n\t\t\t\t<\/div>\n\t\t\t\t\t<\/div>\n\t\t<\/div>\n\t\t\t\t\t<\/div>\n\t\t<\/section>\n\t\t\t\t\t<\/div>\n\t\t<\/div>\n\t\t\t\t\t<\/div>\n\t\t<\/section>\n\t\t\t\t<\/div>\n\t\t\t\t<\/div>\n\t\t\t\t\t\t<\/div>\n\t\t\t\t<\/div>\n\t\t\t\t\t<\/div>\n\t\t<\/div>\n\t\t\t\t\t<\/div>\n\t\t<\/section>\n\t\t\t\t<section class=\"elementor-section elementor-top-section elementor-element elementor-element-31b2a5c wd-section-stretch elementor-section-boxed elementor-section-height-default elementor-section-height-default\" data-id=\"31b2a5c\" data-element_type=\"section\">\n\t\t\t\t\t\t<div class=\"elementor-container elementor-column-gap-no\">\n\t\t\t\t\t<div class=\"elementor-column elementor-col-100 elementor-top-column elementor-element elementor-element-1324e30\" data-id=\"1324e30\" data-element_type=\"column\">\n\t\t\t<div class=\"elementor-widget-wrap elementor-element-populated\">\n\t\t\t\t\t\t<div class=\"elementor-element elementor-element-514f3ae elementor-widget elementor-widget-template\" data-id=\"514f3ae\" data-element_type=\"widget\" data-widget_type=\"template.default\">\n\t\t\t\t<div class=\"elementor-widget-container\">\n\t\t\t\t\t\t\t<div class=\"elementor-template\">\n\t\t\t\t\t<div data-elementor-type=\"section\" data-elementor-id=\"2479\" class=\"elementor elementor-2479 elementor-2140\" data-elementor-post-type=\"elementor_library\">\n\t\t\t\t\t<section class=\"elementor-section elementor-top-section elementor-element elementor-element-2fb60b0f wd-section-stretch elementor-section-boxed elementor-section-height-default elementor-section-height-default\" data-id=\"2fb60b0f\" data-element_type=\"section\">\n\t\t\t\t\t\t<div class=\"elementor-container elementor-column-gap-no\">\n\t\t\t\t\t<div class=\"elementor-column elementor-col-100 elementor-top-column elementor-element elementor-element-789212ba\" data-id=\"789212ba\" data-element_type=\"column\">\n\t\t\t<div class=\"elementor-widget-wrap elementor-element-populated\">\n\t\t\t\t\t\t<div class=\"elementor-element elementor-element-791e58e2 elementor-cta--skin-classic elementor-animated-content elementor-bg-transform elementor-bg-transform-zoom-in elementor-widget elementor-widget-call-to-action\" data-id=\"791e58e2\" data-element_type=\"widget\" data-widget_type=\"call-to-action.default\">\n\t\t\t\t<div class=\"elementor-widget-container\">\n\t\t\t\t\t\t\t<div class=\"elementor-cta\">\n\t\t\t\t\t\t\t<div class=\"elementor-cta__content\">\n\t\t\t\t\n\t\t\t\t\t\t\t\t\t<h2 class=\"elementor-cta__title elementor-cta__content-item elementor-content-item\">\n\t\t\t\t\t\tLet Stratec pQCT convince you!\t\t\t\t\t<\/h2>\n\t\t\t\t\n\t\t\t\t\t\t\t\t\t<div class=\"elementor-cta__description elementor-cta__content-item elementor-content-item\">\n\t\t\t\t\t\t<p>Numerous scientific studies prove the validity of Stratec pQCT. Benefit from over 30 years of experience in muscle and bone research and over 1000 scientific publications on pQCT worldwide.<\/p>\n\t\t\t\t\t<\/div>\n\t\t\t\t\n\t\t\t\t\t\t\t\t\t<div class=\"elementor-cta__button-wrapper elementor-cta__content-item elementor-content-item \">\n\t\t\t\t\t<a class=\"elementor-cta__button elementor-button elementor-size-\" href=\"https:\/\/stratec.stratec-medizintechnik.de\/en\/literature\/?_sft_produktgruppe=pqct-en\" rel=\"noopener\">\n\t\t\t\t\t\tto the literature list\t\t\t\t\t<\/a>\n\t\t\t\t\t<\/div>\n\t\t\t\t\t\t\t<\/div>\n\t\t\t\t\t\t<\/div>\n\t\t\t\t\t\t<\/div>\n\t\t\t\t<\/div>\n\t\t\t\t\t<\/div>\n\t\t<\/div>\n\t\t\t\t\t<\/div>\n\t\t<\/section>\n\t\t\t\t<\/div>\n\t\t\t\t<\/div>\n\t\t\t\t\t\t<\/div>\n\t\t\t\t<\/div>\n\t\t\t\t\t<\/div>\n\t\t<\/div>\n\t\t\t\t\t<\/div>\n\t\t<\/section>\n\t\t\t\t<\/div>\n\t\t","protected":false},"excerpt":{"rendered":"<p>Stratec PQCT: Aktuelle Forschungsschwerpunkte MUSKEL- &amp; KNOCHENDICHTE &amp; -GEOMETRIE Jetzt anfragen pQCT &#8211; Aktuelle Forschungsschwerpunkte Etabliert in Forschung und Klinik<\/p>\n","protected":false},"author":1,"featured_media":0,"parent":0,"menu_order":0,"comment_status":"closed","ping_status":"closed","template":"","meta":{"_acf_changed":false,"footnotes":""},"class_list":["post-1276","page","type-page","status-publish","hentry"],"acf":[],"_links":{"self":[{"href":"https:\/\/stratec-pqct.com\/en\/wp-json\/wp\/v2\/pages\/1276","targetHints":{"allow":["GET"]}}],"collection":[{"href":"https:\/\/stratec-pqct.com\/en\/wp-json\/wp\/v2\/pages"}],"about":[{"href":"https:\/\/stratec-pqct.com\/en\/wp-json\/wp\/v2\/types\/page"}],"author":[{"embeddable":true,"href":"https:\/\/stratec-pqct.com\/en\/wp-json\/wp\/v2\/users\/1"}],"replies":[{"embeddable":true,"href":"https:\/\/stratec-pqct.com\/en\/wp-json\/wp\/v2\/comments?post=1276"}],"version-history":[{"count":0,"href":"https:\/\/stratec-pqct.com\/en\/wp-json\/wp\/v2\/pages\/1276\/revisions"}],"wp:attachment":[{"href":"https:\/\/stratec-pqct.com\/en\/wp-json\/wp\/v2\/media?parent=1276"}],"curies":[{"name":"wp","href":"https:\/\/api.w.org\/{rel}","templated":true}]}}